{"id":3400,"date":"2018-02-16T15:13:48","date_gmt":"2018-02-16T15:13:48","guid":{"rendered":"http:\/\/ttdemo2.staging.wpengine.com\/gymx\/?page_id=3400"},"modified":"2026-02-22T07:21:55","modified_gmt":"2026-02-22T06:21:55","slug":"mitgliedschaft","status":"publish","type":"page","link":"https:\/\/www.club-tennis-point.de\/gtv\/mitgliedschaft\/","title":{"rendered":"Mitgliedschaft"},"content":{"rendered":"<div class=\"wpb-content-wrapper\">[vc_row][vc_column css=&#8220;.vc_custom_1518793046582{padding-top: 5% !important;}&#8220;]<h2 class=\"ttbase-heading text-align-center \" ><span>WERDE TEIL DES CLUBS DER ZUKUNFT<\/span><\/h2>[vc_column_text css=&#8220;&#8220;]\n<h2 style=\"text-align: center;\"><strong>Mitgliedschaft<br \/>\nab 37,50\u20ac*<br \/>\n<\/strong><\/h2>\n<p style=\"text-align: center;\"><strong>\/\/ Faire Mitgliedsbeitr\u00e4ge<\/strong><\/p>\n<p style=\"text-align: center;\"><strong>\/\/ Kostenlose<\/strong> Buchung der Tennispl\u00e4tze<\/p>\n<p style=\"text-align: center;\"><strong>\/\/ Kostenlose <\/strong>Buchung der Padelpl\u00e4tze<\/p>\n<p style=\"text-align: center;\"><strong>\/\/ Kostenlose <\/strong>Buchung des Multicourt<\/p>\n<p style=\"text-align: center;\"><strong>\/\/ Rabatt <\/strong>im Restaurant &amp; Biergarten Eichenhof<\/p>\n<p style=\"text-align: center;\"><strong>\/\/ <\/strong>Pl\u00e4tze online <strong>l\u00e4nger im voraus<\/strong> buchen<\/p>\n<p style=\"text-align: center;\"><strong>\/\/ <\/strong>Mitglieder Tennis- und Padeltreffs<\/p>\n<p style=\"text-align: center;\"><strong>\/\/ <\/strong>Teilnahme am Tennis- &amp; Padeltraining<\/p>\n<p style=\"text-align: center;\"><b><strong>\/\/ <\/strong>Events, Turniere und viel mehr<\/b><\/p>\n<p style=\"text-align: center;\"><strong>\/\/ Teil der Club der Zukunft Community<\/strong><\/p>\n<p style=\"text-align: center;\">*pro Halbjahr<\/p>\n[\/vc_column_text][vc_column_text css=&#8220;&#8220;]\n<p style=\"text-align: center;\"><strong>Werde jetzt Mitglied im Club der Zukunft und melde dich verbindlich in unserer Tennis- &amp; Padelabteilung an.<br \/>\nSolltest du vorab noch Fragen haben, schreibe uns \u00fcber das <a href=\"\/gtv\/kontakt\/\">Kontaktformular<\/a>.<\/strong><\/p>\n[\/vc_column_text][\/vc_column][\/vc_row][vc_row][vc_column][vc_raw_html css=&#8220;&#8220;]JTVCZ3Jhdml0eWZvcm0lMjBpZCUzRCUyMjUlMjIlMjB0aXRsZSUzRCUyMmZhbHNlJTIyJTVE[\/vc_raw_html][\/vc_column][\/vc_row][vc_row][vc_column width=&#8220;1\/3&#8243;]<div class=\"button-center-wrapper text-center\"><a href=\"\/gtv\/beitraege\" class=\"btn btn-primary style-2\" target=\"_self\" title=\"Beitr\u00e4ge\" rel=\"\"><span class=\"ttbase-button-inner\">Beitr\u00e4ge<\/span><\/a><\/div>[\/vc_column][vc_column width=&#8220;1\/3&#8243;]<div class=\"button-center-wrapper text-center\"><a href=\"\/gtv\/abteilungssatzung\" class=\"btn btn-primary style-2\" target=\"_self\" title=\"Abteilungssatzung\" rel=\"\"><span class=\"ttbase-button-inner\">Abteilungssatzung<\/span><\/a><\/div>[\/vc_column][vc_column width=&#8220;1\/3&#8243;]<div class=\"button-center-wrapper text-center\"><a href=\"\/gtv\/regularien\" class=\"btn btn-primary style-2\" target=\"_self\" title=\"Regularien\" rel=\"\"><span class=\"ttbase-button-inner\">Regularien<\/span><\/a><\/div>[\/vc_column][\/vc_row][vc_row][vc_column][vc_column_text css=&#8220;&#8220;]\n<h3>Die Jahresbeitr\u00e4ge g\u00fcltig ab 01.01.2025<\/h3>\n<p>*Alle Beitr\u00e4ge im Detail findest du <a href=\"\/gtv\/mitgliedschaft-2\/\">hier<\/a>. bei Neuaufnahme von Mitgliedern wird einmalig eine Geb\u00fchr von 15\u20ac f\u00fcr Erwachsene und 10\u20ac f\u00fcr Minderj\u00e4hrige berechnet<\/p>\n<p>Mitglieder, die zum 1. des jeweiligen Halbjahres \u00e4lter als 18 Jahre sind, haben je Halbjahr drei Arbeitsstunden auf der Tennisanlage zu leisten. F\u00fcr jede nicht erbrachte Arbeitsstunde werden zu Beginn des folgenden Halbjahres 10,00 \u20ac, also maximal 30,00 \u20ac eingezogen.<\/p>\n<p>pro zus\u00e4tzlicher Abteilung\u00a0 werden vom Hauptverein j\u00e4hrlich 12,00 \u20ac berechnet.<\/p>\n<p>__________________________________________________________________________________________________________<\/p>\n<p style=\"line-height: 18.75pt; background: white; margin: 0cm 0cm 8.25pt 0cm;\"><span style=\"color: black;\">Jugendlich sind alle Personen bis zu dem Jahr, in dem sie das 18. Lebensjahr vollenden. Als Sch\u00fcler und Studenten gelten alle, die einen entsprechenden Nachweis (Sch\u00fclerausweis, Studienbescheinigung) vorlegen und das 27. Lebensjahr noch nicht vollendet haben.<\/span><\/p>\n<p>Ist ein solches Mitglied mit seinen Eltern im Verein, so scheidet es nach diesem Geburtstag aus dem Familienverbund aus. Die verbleibenden Familienmitglieder werden in die entsprechende Beitragsgruppe neu eingeordnet.<\/p>\n<p>Die Beitragsh\u00f6he richtet sich nach den Verh\u00e4ltnissen am 1. Tag des Halbjahres, f\u00fcr das der Beitrag erhoben wird.<\/p>\n<p>Weitere Ausk\u00fcnfte sind in der Gesch\u00e4ftsstelle, Georgstr. 44 a, Tel 36736, erh\u00e4ltlich.[\/vc_column_text][\/vc_column][\/vc_row][vc_row][vc_column]<h3 class=\"ttbase-heading text-align-left \" ><span>FAQ - Alle Fragen rund um die Mitgliedschaft<\/span><\/h3>[vc_tta_accordion][vc_tta_section title=&#8220;Was ist in der Mitgliedschaft enthalten?&#8220; tab_id=&#8220;1743748598540-819abc7d-2817&#8243;][vc_column_text css=&#8220;&#8220;]\n<p class=\"\" data-start=\"306\" data-end=\"463\">Wenn du bei uns Mitglied wirst, kannst du <strong data-start=\"348\" data-end=\"430\">Tennis- und Padelpl\u00e4tze kostenfrei \u00fcber unsere Online-Platzbuchung reservieren<\/strong> und <strong data-start=\"435\" data-end=\"462\">Trainingsstunden buchen<\/strong>.<\/p>\n<p class=\"\" data-start=\"465\" data-end=\"581\">Seit diesem Jahr erh\u00e4ltst du zudem <strong data-start=\"500\" data-end=\"539\">20\u202f% Rabatt im Restaurant Eichenhof<\/strong>, wenn du eine <strong data-start=\"554\" data-end=\"580\">Guthabenkarte aufl\u00e4dst<\/strong>.<\/p>\n<p class=\"\" data-start=\"583\" data-end=\"874\">Bei uns gilt der Grundsatz <strong data-start=\"610\" data-end=\"632\">\u201eMitglieder First\u201c<\/strong> \u2013 das hei\u00dft:<br data-start=\"645\" data-end=\"648\" \/>Mitglieder haben immer Vorrang vor Gastspielern. Du kannst <strong data-start=\"707\" data-end=\"731\">fr\u00fcher Pl\u00e4tze buchen<\/strong>, zahlst bei <strong data-start=\"744\" data-end=\"754\">Events<\/strong> (wie z.\u202fB. dem Tennis- oder Padel-Treff) sowie bei <strong data-start=\"806\" data-end=\"819\">Turnieren<\/strong> entweder <strong data-start=\"829\" data-end=\"842\">gar keine<\/strong> oder <strong data-start=\"848\" data-end=\"873\">verg\u00fcnstigte Geb\u00fchren<\/strong>.<\/p>\n<p class=\"\" data-start=\"876\" data-end=\"1045\">Sollte die Auslastung unserer Anlage weiter steigen, behalten wir uns vor, die <strong data-start=\"955\" data-end=\"989\">Buchungszeiten f\u00fcr Gastspieler<\/strong> zugunsten unserer Mitglieder <strong data-start=\"1019\" data-end=\"1044\">weiter einzuschr\u00e4nken<\/strong>.<\/p>\n[\/vc_column_text][\/vc_tta_section][vc_tta_section title=&#8220;Wie kann ich mich zum Tennis oder Padeltraining anmelden?&#8220; tab_id=&#8220;1743748598541-3c614b3e-c0b0&#8243;][vc_column_text css=&#8220;&#8220;]\n<p class=\"\" data-start=\"205\" data-end=\"477\">Mit unserem professionellen Trainerteam bieten wir ganzj\u00e4hrig Tennis- und Padeltraining an.Das Sommertraining auf unseren Au\u00dfenpl\u00e4tzen findet von <strong data-start=\"354\" data-end=\"387\">Ende April bis Ende September<\/strong> statt, das Wintertraining in der Tennishalle l\u00e4uft von <strong data-start=\"443\" data-end=\"476\">Anfang Oktober bis Ende April<\/strong>.<\/p>\n<p class=\"\" data-start=\"479\" data-end=\"564\">Die Trainingsgruppen werden jeweils <strong data-start=\"515\" data-end=\"561\">vor Beginn der Saison neu zusammengestellt<\/strong>.<\/p>\n<p class=\"\" data-start=\"566\" data-end=\"807\">Neben unseren monatlich startenden <strong data-start=\"601\" data-end=\"625\">Fast-Learning-Kursen<\/strong> besteht \u2013 je nach Verf\u00fcgbarkeit \u2013 auch die M\u00f6glichkeit, <strong data-start=\"682\" data-end=\"727\">ins laufende Gruppentraining einzusteigen<\/strong>.<br data-start=\"728\" data-end=\"731\" \/>Nutze daf\u00fcr einfach unser <a href=\"https:\/\/www.club-tennis-point.de\/gtv\/tenniskurse-padelkurse\/\"><strong data-start=\"757\" data-end=\"778\">Trainingsformular<\/strong><\/a>, um eine Anfrage zu stellen.<\/p>\n[\/vc_column_text][\/vc_tta_section][vc_tta_section title=&#8220;Kann ich mit meiner Mitgliedschaft auch in der Tennishalle spielen?&#8220; tab_id=&#8220;1743748598541-4718afe6-8b1f&#8220;][vc_column_text css=&#8220;&#8220;]Selbstverst\u00e4ndlich kannst du auch in der Tennishalle Eichenhof spielen. Da die Halle aber nicht vom Verein betrieben wird, muss sie entgeltlich gebucht werden, d.h. als Mitglied kann sie nicht kostenfrei genutzt werden. Die Halle kann \u00fcber ein weiteres <a href=\"https:\/\/www.club-tennis-point.de\/gtv\/tennishalle-guetersloh-platz-buchen\/\"><strong>Buchungswidget<\/strong> <\/a>gebucht werden.[\/vc_column_text][\/vc_tta_section][\/vc_tta_accordion][\/vc_column][\/vc_row]\n<\/div>","protected":false},"excerpt":{"rendered":"<p>[vc_row][vc_column css=&#8220;.vc_custom_1518793046582{padding-top: 5% !important;}&#8220;][vc_column_text css=&#8220;&#8220;] Mitgliedschaft ab 37,50\u20ac* \/\/ Faire Mitgliedsbeitr\u00e4ge \/\/ Kostenlose Buchung der Tennispl\u00e4tze \/\/ Kostenlose Buchung der Padelpl\u00e4tze \/\/ Kostenlose Buchung des Multicourt \/\/ Rabatt im Restaurant &amp; Biergarten Eichenhof \/\/ Pl\u00e4tze online l\u00e4nger im voraus buchen \/\/ Mitglieder Tennis- und Padeltreffs \/\/ Teilnahme am Tennis- &amp; Padeltraining \/\/ Events, Turniere und&#8230;<\/p>\n<div class=\"read-more-link-wrapper text-center\"><a class=\"read-more-link\" href=\"https:\/\/www.club-tennis-point.de\/gtv\/mitgliedschaft\/\"><i class=\"icon-next\"><\/i>Weiterlesen<\/a><\/div>\n","protected":false},"author":1,"featured_media":0,"parent":0,"menu_order":0,"comment_status":"closed","ping_status":"closed","template":"","meta":{"footnotes":""},"class_list":["post-3400","page","type-page","status-publish","hentry"],"yoast_head":"<!-- This site is optimized with the Yoast SEO plugin v27.1.1 - https:\/\/yoast.com\/product\/yoast-seo-wordpress\/ -->\n<title>Mitgliedschaft - GTV - Club Tennis-Point<\/title>\n<meta name=\"robots\" content=\"index, follow, max-snippet:-1, max-image-preview:large, max-video-preview:-1\" \/>\n<link rel=\"canonical\" href=\"https:\/\/www.club-tennis-point.de\/gtv\/mitgliedschaft\/\" \/>\n<meta property=\"og:locale\" content=\"de_DE\" \/>\n<meta property=\"og:type\" content=\"article\" \/>\n<meta property=\"og:title\" content=\"Mitgliedschaft - GTV - Club Tennis-Point\" \/>\n<meta property=\"og:description\" content=\"[vc_row][vc_column css=&#8220;.vc_custom_1518793046582{padding-top: 5% !important;}&#8220;][vc_column_text css=&#8220;&#8220;] Mitgliedschaft ab 37,50\u20ac* \/\/ Faire Mitgliedsbeitr\u00e4ge \/\/ Kostenlose Buchung der Tennispl\u00e4tze \/\/ Kostenlose Buchung der Padelpl\u00e4tze \/\/ Kostenlose Buchung des Multicourt \/\/ Rabatt im Restaurant &amp; Biergarten Eichenhof \/\/ Pl\u00e4tze online l\u00e4nger im voraus buchen \/\/ Mitglieder Tennis- und Padeltreffs \/\/ Teilnahme am Tennis- &amp; Padeltraining \/\/ Events, Turniere und...Weiterlesen\" \/>\n<meta property=\"og:url\" content=\"https:\/\/www.club-tennis-point.de\/gtv\/mitgliedschaft\/\" \/>\n<meta property=\"og:site_name\" content=\"GTV - Club Tennis-Point\" \/>\n<meta property=\"article:modified_time\" content=\"2026-02-22T06:21:55+00:00\" \/>\n<meta name=\"twitter:card\" content=\"summary_large_image\" \/>\n<meta name=\"twitter:label1\" content=\"Gesch\u00e4tzte Lesezeit\" \/>\n\t<meta name=\"twitter:data1\" content=\"4\u00a0Minuten\" \/>\n<script type=\"application\/ld+json\" class=\"yoast-schema-graph\">{\"@context\":\"https:\/\/schema.org\",\"@graph\":[{\"@type\":\"WebPage\",\"@id\":\"https:\/\/www.club-tennis-point.de\/gtv\/mitgliedschaft\/\",\"url\":\"https:\/\/www.club-tennis-point.de\/gtv\/mitgliedschaft\/\",\"name\":\"Mitgliedschaft - GTV - Club Tennis-Point\",\"isPartOf\":{\"@id\":\"https:\/\/www.club-tennis-point.de\/gtv\/#website\"},\"datePublished\":\"2018-02-16T15:13:48+00:00\",\"dateModified\":\"2026-02-22T06:21:55+00:00\",\"breadcrumb\":{\"@id\":\"https:\/\/www.club-tennis-point.de\/gtv\/mitgliedschaft\/#breadcrumb\"},\"inLanguage\":\"de\",\"potentialAction\":[{\"@type\":\"ReadAction\",\"target\":[\"https:\/\/www.club-tennis-point.de\/gtv\/mitgliedschaft\/\"]}]},{\"@type\":\"BreadcrumbList\",\"@id\":\"https:\/\/www.club-tennis-point.de\/gtv\/mitgliedschaft\/#breadcrumb\",\"itemListElement\":[{\"@type\":\"ListItem\",\"position\":1,\"name\":\"Startseite\",\"item\":\"https:\/\/www.club-tennis-point.de\/gtv\/\"},{\"@type\":\"ListItem\",\"position\":2,\"name\":\"Mitgliedschaft\"}]},{\"@type\":\"WebSite\",\"@id\":\"https:\/\/www.club-tennis-point.de\/gtv\/#website\",\"url\":\"https:\/\/www.club-tennis-point.de\/gtv\/\",\"name\":\"GTV - Club Tennis-Point\",\"description\":\"Tennisclub der Zukunft\",\"potentialAction\":[{\"@type\":\"SearchAction\",\"target\":{\"@type\":\"EntryPoint\",\"urlTemplate\":\"https:\/\/www.club-tennis-point.de\/gtv\/?s={search_term_string}\"},\"query-input\":{\"@type\":\"PropertyValueSpecification\",\"valueRequired\":true,\"valueName\":\"search_term_string\"}}],\"inLanguage\":\"de\"}]}<\/script>\n<!-- \/ Yoast SEO plugin. -->","yoast_head_json":{"title":"Mitgliedschaft - GTV - Club Tennis-Point","robots":{"index":"index","follow":"follow","max-snippet":"max-snippet:-1","max-image-preview":"max-image-preview:large","max-video-preview":"max-video-preview:-1"},"canonical":"https:\/\/www.club-tennis-point.de\/gtv\/mitgliedschaft\/","og_locale":"de_DE","og_type":"article","og_title":"Mitgliedschaft - GTV - Club Tennis-Point","og_description":"[vc_row][vc_column css=&#8220;.vc_custom_1518793046582{padding-top: 5% !important;}&#8220;][vc_column_text css=&#8220;&#8220;] Mitgliedschaft ab 37,50\u20ac* \/\/ Faire Mitgliedsbeitr\u00e4ge \/\/ Kostenlose Buchung der Tennispl\u00e4tze \/\/ Kostenlose Buchung der Padelpl\u00e4tze \/\/ Kostenlose Buchung des Multicourt \/\/ Rabatt im Restaurant &amp; Biergarten Eichenhof \/\/ Pl\u00e4tze online l\u00e4nger im voraus buchen \/\/ Mitglieder Tennis- und Padeltreffs \/\/ Teilnahme am Tennis- &amp; Padeltraining \/\/ Events, Turniere und...Weiterlesen","og_url":"https:\/\/www.club-tennis-point.de\/gtv\/mitgliedschaft\/","og_site_name":"GTV - Club Tennis-Point","article_modified_time":"2026-02-22T06:21:55+00:00","twitter_card":"summary_large_image","twitter_misc":{"Gesch\u00e4tzte Lesezeit":"4\u00a0Minuten"},"schema":{"@context":"https:\/\/schema.org","@graph":[{"@type":"WebPage","@id":"https:\/\/www.club-tennis-point.de\/gtv\/mitgliedschaft\/","url":"https:\/\/www.club-tennis-point.de\/gtv\/mitgliedschaft\/","name":"Mitgliedschaft - GTV - Club Tennis-Point","isPartOf":{"@id":"https:\/\/www.club-tennis-point.de\/gtv\/#website"},"datePublished":"2018-02-16T15:13:48+00:00","dateModified":"2026-02-22T06:21:55+00:00","breadcrumb":{"@id":"https:\/\/www.club-tennis-point.de\/gtv\/mitgliedschaft\/#breadcrumb"},"inLanguage":"de","potentialAction":[{"@type":"ReadAction","target":["https:\/\/www.club-tennis-point.de\/gtv\/mitgliedschaft\/"]}]},{"@type":"BreadcrumbList","@id":"https:\/\/www.club-tennis-point.de\/gtv\/mitgliedschaft\/#breadcrumb","itemListElement":[{"@type":"ListItem","position":1,"name":"Startseite","item":"https:\/\/www.club-tennis-point.de\/gtv\/"},{"@type":"ListItem","position":2,"name":"Mitgliedschaft"}]},{"@type":"WebSite","@id":"https:\/\/www.club-tennis-point.de\/gtv\/#website","url":"https:\/\/www.club-tennis-point.de\/gtv\/","name":"GTV - Club Tennis-Point","description":"Tennisclub der Zukunft","potentialAction":[{"@type":"SearchAction","target":{"@type":"EntryPoint","urlTemplate":"https:\/\/www.club-tennis-point.de\/gtv\/?s={search_term_string}"},"query-input":{"@type":"PropertyValueSpecification","valueRequired":true,"valueName":"search_term_string"}}],"inLanguage":"de"}]}},"_links":{"self":[{"href":"https:\/\/www.club-tennis-point.de\/gtv\/wp-json\/wp\/v2\/pages\/3400","targetHints":{"allow":["GET"]}}],"collection":[{"href":"https:\/\/www.club-tennis-point.de\/gtv\/wp-json\/wp\/v2\/pages"}],"about":[{"href":"https:\/\/www.club-tennis-point.de\/gtv\/wp-json\/wp\/v2\/types\/page"}],"author":[{"embeddable":true,"href":"https:\/\/www.club-tennis-point.de\/gtv\/wp-json\/wp\/v2\/users\/1"}],"replies":[{"embeddable":true,"href":"https:\/\/www.club-tennis-point.de\/gtv\/wp-json\/wp\/v2\/comments?post=3400"}],"version-history":[{"count":34,"href":"https:\/\/www.club-tennis-point.de\/gtv\/wp-json\/wp\/v2\/pages\/3400\/revisions"}],"predecessor-version":[{"id":5777,"href":"https:\/\/www.club-tennis-point.de\/gtv\/wp-json\/wp\/v2\/pages\/3400\/revisions\/5777"}],"wp:attachment":[{"href":"https:\/\/www.club-tennis-point.de\/gtv\/wp-json\/wp\/v2\/media?parent=3400"}],"curies":[{"name":"wp","href":"https:\/\/api.w.org\/{rel}","templated":true}]}}