{"id":3956,"date":"2021-08-16T10:40:55","date_gmt":"2021-08-16T08:40:55","guid":{"rendered":"http:\/\/tennis.manuel-jasper.de\/?page_id=3956"},"modified":"2025-05-09T09:10:23","modified_gmt":"2025-05-09T07:10:23","slug":"tennishalle-eichenhof","status":"publish","type":"page","link":"https:\/\/www.club-tennis-point.de\/gtv\/tennishalle-eichenhof\/","title":{"rendered":"Tennishalle Eichenhof G\u00fctersloh &#8211; Jetzt online buchen"},"content":{"rendered":"<div class=\"wpb-content-wrapper\">[vc_row top_padding=&#8220;150&#8243; bottom_padding=&#8220;200&#8243; bg_type=&#8220;image&#8220; bg_image=&#8220;4698&#8243; full_width=&#8220;stretch_row&#8220; content_placement=&#8220;middle&#8220; parallax=&#8220;content-moving-fade&#8220; css_animation=&#8220;fadeIn&#8220; min_height=&#8220;660px&#8220;][vc_column]<h2 class=\"ttbase-heading text-align-center teaser\" style=\"color: #ffffff;\"><span>TENNISHALLE EICHENHOF G\u00dcTERSLOH<\/span><\/h2>[\/vc_column][\/vc_row][vc_row][vc_column]<h2 class=\"ttbase-heading text-align-center \" ><span>Tennishalle mit neuester LED-Lichttechnik<\/span><\/h2>[\/vc_column][\/vc_row][vc_row][vc_column]<div class=\"button-center-wrapper text-center\"><a href=\"\/gtv\/tennishalle-guetersloh-platz-buchen\/\" class=\"btn btn-primary style-2\" target=\"_self\" title=\"Buche hier deinen Hallenplatz\" rel=\"\"><span class=\"ttbase-button-inner\">Buche hier deinen Hallenplatz<\/span><\/a><\/div>[\/vc_column][\/vc_row][vc_row][vc_column css=&#8220;.vc_custom_1630502858992{padding-top: 50px !important;}&#8220;][vc_column_text]Im Jahre 2010 wurde die Halle nach den neuesten Erkenntnissen mit einem gelenkschonenden Granulat-Bodenbelag, einer perfekten Beleuchtung, sowie als lichte Konstruktion mit einer Raumh\u00f6he von 13m wieder umgebaut.<\/p>\n<p>Seitdem 01.05.2021 ist die Tennishalle, im Rahmen einer Kooperation, an die Tennis-Point GmbH verpachtet. In diesem Zuge wurde der komplette Eingangsbereich, die Umkleiden, sowie das Tennisst\u00fcbchen renoviert und viele Neuheiten integriert um.<\/p>\n<p>Im August 2022 wurden die alten Halogenstrahler gegen neue und energieeffiziente LED-Strahler ausgetauscht. \u00c4hnlich wie auf den Flutlichtlichtpl\u00e4tzen des GTV Club Tennis-Point erstrahlt die Halle nun auch im besten Licht.[\/vc_column_text][\/vc_column][\/vc_row][vc_row][vc_column css=&#8220;.vc_custom_1630055541301{padding-top: 2% !important;padding-bottom: 1% !important;}&#8220;][vc_single_image image=&#8220;4700&#8243; img_size=&#8220;full&#8220; alignment=&#8220;center&#8220;][\/vc_column][\/vc_row][vc_row][vc_column]<h2 class=\"ttbase-heading text-align-center \" style=\"color: #0f0f0f;\"><span>BELEGUNGSPLAN SAISON 2025\/26<\/span><\/h2>[\/vc_column][\/vc_row][vc_row][vc_column css=&#8220;.vc_custom_1630056587486{padding-top: 0px !important;}&#8220;][vc_column_text css=&#8220;&#8220;]<div class=\"ttbase-spacer\" style=\"height: 20px;\"><\/div>Unsere Preise f\u00fcr die Hallensaison 2025\/26 f\u00fcr die Buchung von Einzelstunden \u00fcber das Platzbuchungssystem:<\/p>\n<p><strong>Montag &#8211; Freitag<\/strong><br \/>\n07.00 &#8211; 15.00 = 19,00 \u20ac\/Std. inkl. Licht<br \/>\n15.00 &#8211; 17.00 = 24,00 \u20ac\/Std. inkl. Licht<br \/>\n17.00 &#8211; 22.00 = 28,00 \u20ac\/Std. inkl. Licht<br \/>\n22.00 &#8211; 24.00 = 19,00 \u20ac\/Std. inkl. Licht<\/p>\n<p><strong>Samstag &#8211; Sonntag<\/strong><br \/>\n07.00 &#8211; 18.00 = 25,00 \u20ac\/Std. inkl. Licht<br \/>\n18.00 &#8211; 24.00 = 19,00 \u20ac\/Std. inkl. Licht<\/p>\n<p><strong>F\u00fcr die kommende Wintersaison k\u00f6nnen bereits Abostunden angefragt werden. Bitte f\u00fcllt daf\u00fcr das Formular unter &#8222;Abo anfragen&#8220; aus. Anfragen bitte an tennishalle@gtv-tennis.de senden<\/strong>[\/vc_column_text][vc_column_text css=&#8220;&#8220;]<a href=\"\/gtv\/abo-tennishalle\" class=\"btn btn-primary style-2 \" target=\"_self\" title=\"Abo f\u00fcr Winter 25\/26 anfragen\" rel=\"\"><span class=\"ttbase-button-inner\">Abo f\u00fcr Winter 25\/26 anfragen<\/span><\/a>[\/vc_column_text][\/vc_column][\/vc_row][vc_row][vc_column][vc_images_carousel images=&#8220;4371,4373,4372,4378,4369,4362,4364,4365,4361,4377,4360&#8243; img_size=&#8220;full&#8220; onclick=&#8220;link_no&#8220; autoplay=&#8220;yes&#8220;][\/vc_column][\/vc_row]\n<\/div>","protected":false},"excerpt":{"rendered":"<p>[vc_row top_padding=&#8220;150&#8243; bottom_padding=&#8220;200&#8243; bg_type=&#8220;image&#8220; bg_image=&#8220;4698&#8243; full_width=&#8220;stretch_row&#8220; content_placement=&#8220;middle&#8220; parallax=&#8220;content-moving-fade&#8220; css_animation=&#8220;fadeIn&#8220; min_height=&#8220;660px&#8220;][vc_column][\/vc_column][\/vc_row][vc_row][vc_column][\/vc_column][\/vc_row][vc_row][vc_column][\/vc_column][\/vc_row][vc_row][vc_column css=&#8220;.vc_custom_1630502858992{padding-top: 50px !important;}&#8220;][vc_column_text]Im Jahre 2010 wurde die Halle nach den neuesten Erkenntnissen mit einem gelenkschonenden Granulat-Bodenbelag, einer perfekten Beleuchtung, sowie als lichte Konstruktion mit einer Raumh\u00f6he von 13m wieder umgebaut. Seitdem 01.05.2021 ist die Tennishalle, im Rahmen einer Kooperation, an die Tennis-Point GmbH verpachtet. In&#8230;<\/p>\n<div class=\"read-more-link-wrapper text-center\"><a class=\"read-more-link\" href=\"https:\/\/www.club-tennis-point.de\/gtv\/tennishalle-eichenhof\/\"><i class=\"icon-next\"><\/i>Weiterlesen<\/a><\/div>\n","protected":false},"author":1,"featured_media":0,"parent":0,"menu_order":0,"comment_status":"closed","ping_status":"closed","template":"","meta":{"footnotes":""},"class_list":["post-3956","page","type-page","status-publish","hentry"],"yoast_head":"<!-- This site is optimized with the Yoast SEO plugin v27.1.1 - https:\/\/yoast.com\/product\/yoast-seo-wordpress\/ -->\n<title>Tennishalle Eichenhof G\u00fctersloh - Jetzt online buchen - GTV - Club Tennis-Point<\/title>\n<meta name=\"robots\" content=\"index, follow, max-snippet:-1, max-image-preview:large, max-video-preview:-1\" \/>\n<link rel=\"canonical\" href=\"https:\/\/www.club-tennis-point.de\/gtv\/tennishalle-eichenhof\/\" \/>\n<meta property=\"og:locale\" content=\"de_DE\" \/>\n<meta property=\"og:type\" content=\"article\" \/>\n<meta property=\"og:title\" content=\"Tennishalle Eichenhof G\u00fctersloh - Jetzt online buchen - GTV - Club Tennis-Point\" \/>\n<meta property=\"og:description\" content=\"[vc_row top_padding=&#8220;150&#8243; bottom_padding=&#8220;200&#8243; bg_type=&#8220;image&#8220; bg_image=&#8220;4698&#8243; full_width=&#8220;stretch_row&#8220; content_placement=&#8220;middle&#8220; parallax=&#8220;content-moving-fade&#8220; css_animation=&#8220;fadeIn&#8220; min_height=&#8220;660px&#8220;][vc_column][\/vc_column][\/vc_row][vc_row][vc_column][\/vc_column][\/vc_row][vc_row][vc_column][\/vc_column][\/vc_row][vc_row][vc_column css=&#8220;.vc_custom_1630502858992{padding-top: 50px !important;}&#8220;][vc_column_text]Im Jahre 2010 wurde die Halle nach den neuesten Erkenntnissen mit einem gelenkschonenden Granulat-Bodenbelag, einer perfekten Beleuchtung, sowie als lichte Konstruktion mit einer Raumh\u00f6he von 13m wieder umgebaut. Seitdem 01.05.2021 ist die Tennishalle, im Rahmen einer Kooperation, an die Tennis-Point GmbH verpachtet. In...Weiterlesen\" \/>\n<meta property=\"og:url\" content=\"https:\/\/www.club-tennis-point.de\/gtv\/tennishalle-eichenhof\/\" \/>\n<meta property=\"og:site_name\" content=\"GTV - Club Tennis-Point\" \/>\n<meta property=\"article:modified_time\" content=\"2025-05-09T07:10:23+00:00\" \/>\n<meta name=\"twitter:card\" content=\"summary_large_image\" \/>\n<meta name=\"twitter:label1\" content=\"Gesch\u00e4tzte Lesezeit\" \/>\n\t<meta name=\"twitter:data1\" content=\"2\u00a0Minuten\" \/>\n<script type=\"application\/ld+json\" class=\"yoast-schema-graph\">{\"@context\":\"https:\/\/schema.org\",\"@graph\":[{\"@type\":\"WebPage\",\"@id\":\"https:\/\/www.club-tennis-point.de\/gtv\/tennishalle-eichenhof\/\",\"url\":\"https:\/\/www.club-tennis-point.de\/gtv\/tennishalle-eichenhof\/\",\"name\":\"Tennishalle Eichenhof G\u00fctersloh - Jetzt online buchen - GTV - Club Tennis-Point\",\"isPartOf\":{\"@id\":\"https:\/\/www.club-tennis-point.de\/gtv\/#website\"},\"datePublished\":\"2021-08-16T08:40:55+00:00\",\"dateModified\":\"2025-05-09T07:10:23+00:00\",\"breadcrumb\":{\"@id\":\"https:\/\/www.club-tennis-point.de\/gtv\/tennishalle-eichenhof\/#breadcrumb\"},\"inLanguage\":\"de\",\"potentialAction\":[{\"@type\":\"ReadAction\",\"target\":[\"https:\/\/www.club-tennis-point.de\/gtv\/tennishalle-eichenhof\/\"]}]},{\"@type\":\"BreadcrumbList\",\"@id\":\"https:\/\/www.club-tennis-point.de\/gtv\/tennishalle-eichenhof\/#breadcrumb\",\"itemListElement\":[{\"@type\":\"ListItem\",\"position\":1,\"name\":\"Startseite\",\"item\":\"https:\/\/www.club-tennis-point.de\/gtv\/\"},{\"@type\":\"ListItem\",\"position\":2,\"name\":\"Tennishalle Eichenhof G\u00fctersloh &#8211; Jetzt online buchen\"}]},{\"@type\":\"WebSite\",\"@id\":\"https:\/\/www.club-tennis-point.de\/gtv\/#website\",\"url\":\"https:\/\/www.club-tennis-point.de\/gtv\/\",\"name\":\"GTV - Club Tennis-Point\",\"description\":\"Tennisclub der Zukunft\",\"potentialAction\":[{\"@type\":\"SearchAction\",\"target\":{\"@type\":\"EntryPoint\",\"urlTemplate\":\"https:\/\/www.club-tennis-point.de\/gtv\/?s={search_term_string}\"},\"query-input\":{\"@type\":\"PropertyValueSpecification\",\"valueRequired\":true,\"valueName\":\"search_term_string\"}}],\"inLanguage\":\"de\"}]}<\/script>\n<!-- \/ Yoast SEO plugin. -->","yoast_head_json":{"title":"Tennishalle Eichenhof G\u00fctersloh - Jetzt online buchen - GTV - Club Tennis-Point","robots":{"index":"index","follow":"follow","max-snippet":"max-snippet:-1","max-image-preview":"max-image-preview:large","max-video-preview":"max-video-preview:-1"},"canonical":"https:\/\/www.club-tennis-point.de\/gtv\/tennishalle-eichenhof\/","og_locale":"de_DE","og_type":"article","og_title":"Tennishalle Eichenhof G\u00fctersloh - Jetzt online buchen - GTV - Club Tennis-Point","og_description":"[vc_row top_padding=&#8220;150&#8243; bottom_padding=&#8220;200&#8243; bg_type=&#8220;image&#8220; bg_image=&#8220;4698&#8243; full_width=&#8220;stretch_row&#8220; content_placement=&#8220;middle&#8220; parallax=&#8220;content-moving-fade&#8220; css_animation=&#8220;fadeIn&#8220; min_height=&#8220;660px&#8220;][vc_column][\/vc_column][\/vc_row][vc_row][vc_column][\/vc_column][\/vc_row][vc_row][vc_column][\/vc_column][\/vc_row][vc_row][vc_column css=&#8220;.vc_custom_1630502858992{padding-top: 50px !important;}&#8220;][vc_column_text]Im Jahre 2010 wurde die Halle nach den neuesten Erkenntnissen mit einem gelenkschonenden Granulat-Bodenbelag, einer perfekten Beleuchtung, sowie als lichte Konstruktion mit einer Raumh\u00f6he von 13m wieder umgebaut. Seitdem 01.05.2021 ist die Tennishalle, im Rahmen einer Kooperation, an die Tennis-Point GmbH verpachtet. In...Weiterlesen","og_url":"https:\/\/www.club-tennis-point.de\/gtv\/tennishalle-eichenhof\/","og_site_name":"GTV - Club Tennis-Point","article_modified_time":"2025-05-09T07:10:23+00:00","twitter_card":"summary_large_image","twitter_misc":{"Gesch\u00e4tzte Lesezeit":"2\u00a0Minuten"},"schema":{"@context":"https:\/\/schema.org","@graph":[{"@type":"WebPage","@id":"https:\/\/www.club-tennis-point.de\/gtv\/tennishalle-eichenhof\/","url":"https:\/\/www.club-tennis-point.de\/gtv\/tennishalle-eichenhof\/","name":"Tennishalle Eichenhof G\u00fctersloh - Jetzt online buchen - GTV - Club Tennis-Point","isPartOf":{"@id":"https:\/\/www.club-tennis-point.de\/gtv\/#website"},"datePublished":"2021-08-16T08:40:55+00:00","dateModified":"2025-05-09T07:10:23+00:00","breadcrumb":{"@id":"https:\/\/www.club-tennis-point.de\/gtv\/tennishalle-eichenhof\/#breadcrumb"},"inLanguage":"de","potentialAction":[{"@type":"ReadAction","target":["https:\/\/www.club-tennis-point.de\/gtv\/tennishalle-eichenhof\/"]}]},{"@type":"BreadcrumbList","@id":"https:\/\/www.club-tennis-point.de\/gtv\/tennishalle-eichenhof\/#breadcrumb","itemListElement":[{"@type":"ListItem","position":1,"name":"Startseite","item":"https:\/\/www.club-tennis-point.de\/gtv\/"},{"@type":"ListItem","position":2,"name":"Tennishalle Eichenhof G\u00fctersloh &#8211; Jetzt online buchen"}]},{"@type":"WebSite","@id":"https:\/\/www.club-tennis-point.de\/gtv\/#website","url":"https:\/\/www.club-tennis-point.de\/gtv\/","name":"GTV - Club Tennis-Point","description":"Tennisclub der Zukunft","potentialAction":[{"@type":"SearchAction","target":{"@type":"EntryPoint","urlTemplate":"https:\/\/www.club-tennis-point.de\/gtv\/?s={search_term_string}"},"query-input":{"@type":"PropertyValueSpecification","valueRequired":true,"valueName":"search_term_string"}}],"inLanguage":"de"}]}},"_links":{"self":[{"href":"https:\/\/www.club-tennis-point.de\/gtv\/wp-json\/wp\/v2\/pages\/3956","targetHints":{"allow":["GET"]}}],"collection":[{"href":"https:\/\/www.club-tennis-point.de\/gtv\/wp-json\/wp\/v2\/pages"}],"about":[{"href":"https:\/\/www.club-tennis-point.de\/gtv\/wp-json\/wp\/v2\/types\/page"}],"author":[{"embeddable":true,"href":"https:\/\/www.club-tennis-point.de\/gtv\/wp-json\/wp\/v2\/users\/1"}],"replies":[{"embeddable":true,"href":"https:\/\/www.club-tennis-point.de\/gtv\/wp-json\/wp\/v2\/comments?post=3956"}],"version-history":[{"count":46,"href":"https:\/\/www.club-tennis-point.de\/gtv\/wp-json\/wp\/v2\/pages\/3956\/revisions"}],"predecessor-version":[{"id":5622,"href":"https:\/\/www.club-tennis-point.de\/gtv\/wp-json\/wp\/v2\/pages\/3956\/revisions\/5622"}],"wp:attachment":[{"href":"https:\/\/www.club-tennis-point.de\/gtv\/wp-json\/wp\/v2\/media?parent=3956"}],"curies":[{"name":"wp","href":"https:\/\/api.w.org\/{rel}","templated":true}]}}