{"id":5567,"date":"2025-04-07T12:18:45","date_gmt":"2025-04-07T10:18:45","guid":{"rendered":"https:\/\/www.club-tennis-point.de\/gtv\/?page_id=5567"},"modified":"2025-04-08T14:08:35","modified_gmt":"2025-04-08T12:08:35","slug":"tennisschlaeger-leihautomat","status":"publish","type":"page","link":"https:\/\/www.club-tennis-point.de\/gtv\/tennisschlaeger-leihautomat\/","title":{"rendered":"Tennisschl\u00e4ger Leihautomat"},"content":{"rendered":"<div class=\"wpb-content-wrapper\">[vc_row top_padding=&#8220;5&#8243; bottom_padding=&#8220;200&#8243; bg_type=&#8220;image&#8220; bg_image=&#8220;5554&#8243; full_width=&#8220;stretch_row&#8220; content_placement=&#8220;middle&#8220; parallax=&#8220;content-moving-fade&#8220; css_animation=&#8220;fadeIn&#8220; min_height=&#8220;660px&#8220;][vc_column]<h1 class=\"ttbase-heading text-align-center teaser\" style=\"color: #ffffff;\"><span>TENNISSCHL\u00c4GER LEIHAUTOMAT IM CLUB DER ZUKUNFT<\/span><\/h1>[\/vc_column][\/vc_row][vc_row][vc_column]<h2 class=\"ttbase-heading text-align-center \" style=\"color: #0f0f0f;\"><span>Tennisschl\u00e4ger Leihautomat \u2013 jetzt neu bei uns!<\/span><\/h2>[\/vc_column][\/vc_row][vc_row][vc_column css=&#8220;.vc_custom_1630056587486{padding-top: 0px !important;}&#8220;][vc_column_text css=&#8220;&#8220;]In unserem Verein setzen wir auf zukunftsorientierte Technologien, um euch den bestm\u00f6glichen Service zu bieten.<br \/>\nBereits seit mehreren Jahren nutzen wir einen modernen Automaten f\u00fcr den Verleih von <strong>Padelschl\u00e4gern. Seit neuestem k\u00f6nnt ihr bei uns auch Tennisschl\u00e4ger ausleihen. <\/strong>Zudem bieten wir zum Verkauf auch noch Tennis- und Padelb\u00e4lle, Griffb\u00e4nder, D\u00e4mpfer, gek\u00fchlte Getr\u00e4nke und Snacks.<\/p>\n<p>Dank des <strong>Tennisschl\u00e4ger Leihautomaten<\/strong> k\u00f6nnt ihr jederzeit \u2013 ganz ohne Personal \u2013 einen Schl\u00e4ger ausleihen oder euch mit dem passenden Zubeh\u00f6r versorgen. Die Bezahlung erfolgt bequem und bargeldlos.<\/p>\n<p>Und falls das Restaurant Eichenhof geschlossen ist: Kein Problem \u2013 unser Automat versorgt euch rund um die Uhr mit gek\u00fchltem Bier, alkoholfreien Getr\u00e4nken und sogar Longdrinks zu fairen Preisen.<\/p>\n<p>Gemeinsam mit euch haben wir in den letzten Jahren viel gelernt und unsere Automatenl\u00f6sung in Zusammenarbeit mit unserem Partner <a href=\"https:\/\/www.pure-vending.de\/automaten\/\" target=\"_blank\" rel=\"noopener\"><strong>pure vending<\/strong><\/a> kontinuierlich weiterentwickelt. pure Vending bietet spezialisierte Automaten f\u00fcr Tennisvereine und Padelanlagen \u2013 perfekt auf unsere Bed\u00fcrfnisse abgestimmt.<\/p>\n<h2>Unsere Automaten im \u00dcberblick<\/h2>\n<ul>\n<li><strong>SportsBOX XL<\/strong>: unser gro\u00dfer Equipmentautomat f\u00fcr Padelb\u00e4lle, Tennisb\u00e4lle, Griffb\u00e4nder und D\u00e4mpfer<\/li>\n<li><strong>SportsBOX S<\/strong>: kompakter Getr\u00e4nke-, Snack- und Supplementautomat<\/li>\n<li><a href=\"https:\/\/www.pure-vending.de\/padelschlaeger-automat\" target=\"_blank\" rel=\"noopener\"><strong>RentalBOX 20<\/strong><\/a>: vollautomatischer <strong>Tennis- und Padelschl\u00e4ger Automat<\/strong> f\u00fcr die einfache und flexible Ausleihe und R\u00fcckgabe von Padel- und Tennisschl\u00e4gern<\/li>\n<\/ul>\n<p>In der <strong>Sommersaison<\/strong> findet ihr die Automaten im neuen Vereinsgeb\u00e4ude neben den Umkleiden. In der <strong>Wintersaison<\/strong> stehen sie in der Tennishalle.<br \/>\nDen Zugangscode erhaltet ihr automatisch mit eurer <strong>Buchungsbest\u00e4tigung<\/strong>.[\/vc_column_text][\/vc_column][\/vc_row][vc_row][vc_column][vc_images_carousel images=&#8220;5554,5557&#8243; img_size=&#8220;full&#8220; autoplay=&#8220;yes&#8220; css=&#8220;&#8220;][\/vc_column][\/vc_row][vc_row content_placement=&#8220;middle&#8220;][vc_column width=&#8220;1\/3&#8243;][vc_single_image image=&#8220;5598&#8243; img_size=&#8220;medium&#8220; alignment=&#8220;center&#8220; onclick=&#8220;custom_link&#8220; img_link_target=&#8220;_blank&#8220; css=&#8220;&#8220; link=&#8220;http:\/\/www.pure-vending.de\/&#8220;][\/vc_column][vc_column width=&#8220;1\/3&#8243;]<div class=\"button-center-wrapper text-center\"><a href=\"\/gtv\/platzbuchung\/\" class=\"btn btn-primary style-2\" target=\"_self\" title=\"Padelplatz buchen\" rel=\"\"><span class=\"ttbase-button-inner\">Padelplatz buchen<\/span><\/a><\/div><div class=\"ttbase-spacer\" style=\"height: 20px;\"><\/div>[\/vc_column][vc_column width=&#8220;1\/3&#8243;]<div class=\"button-center-wrapper text-center\"><a href=\"\/gtv\/padeltraining-guetersloh\/\" class=\"btn btn-primary style-2\" target=\"_self\" title=\"Training buchen\" rel=\"\"><span class=\"ttbase-button-inner\">Training buchen<\/span><\/a><\/div>[\/vc_column][\/vc_row][vc_row][vc_column][\/vc_column][\/vc_row]\n<\/div>","protected":false},"excerpt":{"rendered":"<p>[vc_row top_padding=&#8220;5&#8243; bottom_padding=&#8220;200&#8243; bg_type=&#8220;image&#8220; bg_image=&#8220;5554&#8243; full_width=&#8220;stretch_row&#8220; content_placement=&#8220;middle&#8220; parallax=&#8220;content-moving-fade&#8220; css_animation=&#8220;fadeIn&#8220; min_height=&#8220;660px&#8220;][vc_column][\/vc_column][\/vc_row][vc_row][vc_column][\/vc_column][\/vc_row][vc_row][vc_column css=&#8220;.vc_custom_1630056587486{padding-top: 0px !important;}&#8220;][vc_column_text css=&#8220;&#8220;]In unserem Verein setzen wir auf zukunftsorientierte Technologien, um euch den bestm\u00f6glichen Service zu bieten. Bereits seit mehreren Jahren nutzen wir einen modernen Automaten f\u00fcr den Verleih von Padelschl\u00e4gern. Seit neuestem k\u00f6nnt ihr bei uns auch Tennisschl\u00e4ger ausleihen. Zudem bieten wir zum&#8230;<\/p>\n<div class=\"read-more-link-wrapper text-center\"><a class=\"read-more-link\" href=\"https:\/\/www.club-tennis-point.de\/gtv\/tennisschlaeger-leihautomat\/\"><i class=\"icon-next\"><\/i>Weiterlesen<\/a><\/div>\n","protected":false},"author":1,"featured_media":5554,"parent":0,"menu_order":0,"comment_status":"closed","ping_status":"closed","template":"","meta":{"footnotes":""},"class_list":["post-5567","page","type-page","status-publish","has-post-thumbnail","hentry"],"yoast_head":"<!-- This site is optimized with the Yoast SEO plugin v27.1.1 - https:\/\/yoast.com\/product\/yoast-seo-wordpress\/ -->\n<title>Tennisschl\u00e4ger Leihautomat im GTV Club Tennis-Point<\/title>\n<meta name=\"description\" content=\"Tennisschl\u00e4ger Leihautomat im GTV: Schl\u00e4ger einfach bargeldlos ausleihen und Zubeh\u00f6r, B\u00e4lle, Getr\u00e4nke und Snacks rund um die Uhr kaufen!\" \/>\n<meta name=\"robots\" content=\"index, follow, max-snippet:-1, max-image-preview:large, max-video-preview:-1\" \/>\n<link rel=\"canonical\" href=\"https:\/\/www.club-tennis-point.de\/gtv\/tennisschlaeger-leihautomat\/\" \/>\n<meta property=\"og:locale\" content=\"de_DE\" \/>\n<meta property=\"og:type\" content=\"article\" \/>\n<meta property=\"og:title\" content=\"Tennisschl\u00e4ger Leihautomat im GTV Club Tennis-Point\" \/>\n<meta property=\"og:description\" content=\"Tennisschl\u00e4ger Leihautomat im GTV: Schl\u00e4ger einfach bargeldlos ausleihen und Zubeh\u00f6r, B\u00e4lle, Getr\u00e4nke und Snacks rund um die Uhr kaufen!\" \/>\n<meta property=\"og:url\" content=\"https:\/\/www.club-tennis-point.de\/gtv\/tennisschlaeger-leihautomat\/\" \/>\n<meta property=\"og:site_name\" content=\"GTV - Club Tennis-Point\" \/>\n<meta property=\"article:modified_time\" content=\"2025-04-08T12:08:35+00:00\" \/>\n<meta property=\"og:image\" content=\"https:\/\/www.club-tennis-point.de\/gtv\/wp-content\/uploads\/2025\/04\/padelschlaeger-automat-vendbox20.jpg\" \/>\n\t<meta property=\"og:image:width\" content=\"1280\" \/>\n\t<meta property=\"og:image:height\" content=\"960\" \/>\n\t<meta property=\"og:image:type\" content=\"image\/jpeg\" \/>\n<meta name=\"twitter:card\" content=\"summary_large_image\" \/>\n<meta name=\"twitter:label1\" content=\"Gesch\u00e4tzte Lesezeit\" \/>\n\t<meta name=\"twitter:data1\" content=\"2\u00a0Minuten\" \/>\n<script type=\"application\/ld+json\" class=\"yoast-schema-graph\">{\"@context\":\"https:\/\/schema.org\",\"@graph\":[{\"@type\":\"WebPage\",\"@id\":\"https:\/\/www.club-tennis-point.de\/gtv\/tennisschlaeger-leihautomat\/\",\"url\":\"https:\/\/www.club-tennis-point.de\/gtv\/tennisschlaeger-leihautomat\/\",\"name\":\"Tennisschl\u00e4ger Leihautomat im GTV Club Tennis-Point\",\"isPartOf\":{\"@id\":\"https:\/\/www.club-tennis-point.de\/gtv\/#website\"},\"primaryImageOfPage\":{\"@id\":\"https:\/\/www.club-tennis-point.de\/gtv\/tennisschlaeger-leihautomat\/#primaryimage\"},\"image\":{\"@id\":\"https:\/\/www.club-tennis-point.de\/gtv\/tennisschlaeger-leihautomat\/#primaryimage\"},\"thumbnailUrl\":\"https:\/\/www.club-tennis-point.de\/gtv\/wp-content\/uploads\/2025\/04\/padelschlaeger-automat-vendbox20.jpg\",\"datePublished\":\"2025-04-07T10:18:45+00:00\",\"dateModified\":\"2025-04-08T12:08:35+00:00\",\"description\":\"Tennisschl\u00e4ger Leihautomat im GTV: Schl\u00e4ger einfach bargeldlos ausleihen und Zubeh\u00f6r, B\u00e4lle, Getr\u00e4nke und Snacks rund um die Uhr kaufen!\",\"breadcrumb\":{\"@id\":\"https:\/\/www.club-tennis-point.de\/gtv\/tennisschlaeger-leihautomat\/#breadcrumb\"},\"inLanguage\":\"de\",\"potentialAction\":[{\"@type\":\"ReadAction\",\"target\":[\"https:\/\/www.club-tennis-point.de\/gtv\/tennisschlaeger-leihautomat\/\"]}]},{\"@type\":\"ImageObject\",\"inLanguage\":\"de\",\"@id\":\"https:\/\/www.club-tennis-point.de\/gtv\/tennisschlaeger-leihautomat\/#primaryimage\",\"url\":\"https:\/\/www.club-tennis-point.de\/gtv\/wp-content\/uploads\/2025\/04\/padelschlaeger-automat-vendbox20.jpg\",\"contentUrl\":\"https:\/\/www.club-tennis-point.de\/gtv\/wp-content\/uploads\/2025\/04\/padelschlaeger-automat-vendbox20.jpg\",\"width\":1280,\"height\":960,\"caption\":\"Padelschl\u00e4ger Automat im GTV\"},{\"@type\":\"BreadcrumbList\",\"@id\":\"https:\/\/www.club-tennis-point.de\/gtv\/tennisschlaeger-leihautomat\/#breadcrumb\",\"itemListElement\":[{\"@type\":\"ListItem\",\"position\":1,\"name\":\"Startseite\",\"item\":\"https:\/\/www.club-tennis-point.de\/gtv\/\"},{\"@type\":\"ListItem\",\"position\":2,\"name\":\"Tennisschl\u00e4ger Leihautomat\"}]},{\"@type\":\"WebSite\",\"@id\":\"https:\/\/www.club-tennis-point.de\/gtv\/#website\",\"url\":\"https:\/\/www.club-tennis-point.de\/gtv\/\",\"name\":\"GTV - Club Tennis-Point\",\"description\":\"Tennisclub der Zukunft\",\"potentialAction\":[{\"@type\":\"SearchAction\",\"target\":{\"@type\":\"EntryPoint\",\"urlTemplate\":\"https:\/\/www.club-tennis-point.de\/gtv\/?s={search_term_string}\"},\"query-input\":{\"@type\":\"PropertyValueSpecification\",\"valueRequired\":true,\"valueName\":\"search_term_string\"}}],\"inLanguage\":\"de\"}]}<\/script>\n<!-- \/ Yoast SEO plugin. -->","yoast_head_json":{"title":"Tennisschl\u00e4ger Leihautomat im GTV Club Tennis-Point","description":"Tennisschl\u00e4ger Leihautomat im GTV: Schl\u00e4ger einfach bargeldlos ausleihen und Zubeh\u00f6r, B\u00e4lle, Getr\u00e4nke und Snacks rund um die Uhr kaufen!","robots":{"index":"index","follow":"follow","max-snippet":"max-snippet:-1","max-image-preview":"max-image-preview:large","max-video-preview":"max-video-preview:-1"},"canonical":"https:\/\/www.club-tennis-point.de\/gtv\/tennisschlaeger-leihautomat\/","og_locale":"de_DE","og_type":"article","og_title":"Tennisschl\u00e4ger Leihautomat im GTV Club Tennis-Point","og_description":"Tennisschl\u00e4ger Leihautomat im GTV: Schl\u00e4ger einfach bargeldlos ausleihen und Zubeh\u00f6r, B\u00e4lle, Getr\u00e4nke und Snacks rund um die Uhr kaufen!","og_url":"https:\/\/www.club-tennis-point.de\/gtv\/tennisschlaeger-leihautomat\/","og_site_name":"GTV - Club Tennis-Point","article_modified_time":"2025-04-08T12:08:35+00:00","og_image":[{"width":1280,"height":960,"url":"https:\/\/www.club-tennis-point.de\/gtv\/wp-content\/uploads\/2025\/04\/padelschlaeger-automat-vendbox20.jpg","type":"image\/jpeg"}],"twitter_card":"summary_large_image","twitter_misc":{"Gesch\u00e4tzte Lesezeit":"2\u00a0Minuten"},"schema":{"@context":"https:\/\/schema.org","@graph":[{"@type":"WebPage","@id":"https:\/\/www.club-tennis-point.de\/gtv\/tennisschlaeger-leihautomat\/","url":"https:\/\/www.club-tennis-point.de\/gtv\/tennisschlaeger-leihautomat\/","name":"Tennisschl\u00e4ger Leihautomat im GTV Club Tennis-Point","isPartOf":{"@id":"https:\/\/www.club-tennis-point.de\/gtv\/#website"},"primaryImageOfPage":{"@id":"https:\/\/www.club-tennis-point.de\/gtv\/tennisschlaeger-leihautomat\/#primaryimage"},"image":{"@id":"https:\/\/www.club-tennis-point.de\/gtv\/tennisschlaeger-leihautomat\/#primaryimage"},"thumbnailUrl":"https:\/\/www.club-tennis-point.de\/gtv\/wp-content\/uploads\/2025\/04\/padelschlaeger-automat-vendbox20.jpg","datePublished":"2025-04-07T10:18:45+00:00","dateModified":"2025-04-08T12:08:35+00:00","description":"Tennisschl\u00e4ger Leihautomat im GTV: Schl\u00e4ger einfach bargeldlos ausleihen und Zubeh\u00f6r, B\u00e4lle, Getr\u00e4nke und Snacks rund um die Uhr kaufen!","breadcrumb":{"@id":"https:\/\/www.club-tennis-point.de\/gtv\/tennisschlaeger-leihautomat\/#breadcrumb"},"inLanguage":"de","potentialAction":[{"@type":"ReadAction","target":["https:\/\/www.club-tennis-point.de\/gtv\/tennisschlaeger-leihautomat\/"]}]},{"@type":"ImageObject","inLanguage":"de","@id":"https:\/\/www.club-tennis-point.de\/gtv\/tennisschlaeger-leihautomat\/#primaryimage","url":"https:\/\/www.club-tennis-point.de\/gtv\/wp-content\/uploads\/2025\/04\/padelschlaeger-automat-vendbox20.jpg","contentUrl":"https:\/\/www.club-tennis-point.de\/gtv\/wp-content\/uploads\/2025\/04\/padelschlaeger-automat-vendbox20.jpg","width":1280,"height":960,"caption":"Padelschl\u00e4ger Automat im GTV"},{"@type":"BreadcrumbList","@id":"https:\/\/www.club-tennis-point.de\/gtv\/tennisschlaeger-leihautomat\/#breadcrumb","itemListElement":[{"@type":"ListItem","position":1,"name":"Startseite","item":"https:\/\/www.club-tennis-point.de\/gtv\/"},{"@type":"ListItem","position":2,"name":"Tennisschl\u00e4ger Leihautomat"}]},{"@type":"WebSite","@id":"https:\/\/www.club-tennis-point.de\/gtv\/#website","url":"https:\/\/www.club-tennis-point.de\/gtv\/","name":"GTV - Club Tennis-Point","description":"Tennisclub der Zukunft","potentialAction":[{"@type":"SearchAction","target":{"@type":"EntryPoint","urlTemplate":"https:\/\/www.club-tennis-point.de\/gtv\/?s={search_term_string}"},"query-input":{"@type":"PropertyValueSpecification","valueRequired":true,"valueName":"search_term_string"}}],"inLanguage":"de"}]}},"_links":{"self":[{"href":"https:\/\/www.club-tennis-point.de\/gtv\/wp-json\/wp\/v2\/pages\/5567","targetHints":{"allow":["GET"]}}],"collection":[{"href":"https:\/\/www.club-tennis-point.de\/gtv\/wp-json\/wp\/v2\/pages"}],"about":[{"href":"https:\/\/www.club-tennis-point.de\/gtv\/wp-json\/wp\/v2\/types\/page"}],"author":[{"embeddable":true,"href":"https:\/\/www.club-tennis-point.de\/gtv\/wp-json\/wp\/v2\/users\/1"}],"replies":[{"embeddable":true,"href":"https:\/\/www.club-tennis-point.de\/gtv\/wp-json\/wp\/v2\/comments?post=5567"}],"version-history":[{"count":12,"href":"https:\/\/www.club-tennis-point.de\/gtv\/wp-json\/wp\/v2\/pages\/5567\/revisions"}],"predecessor-version":[{"id":5604,"href":"https:\/\/www.club-tennis-point.de\/gtv\/wp-json\/wp\/v2\/pages\/5567\/revisions\/5604"}],"wp:featuredmedia":[{"embeddable":true,"href":"https:\/\/www.club-tennis-point.de\/gtv\/wp-json\/wp\/v2\/media\/5554"}],"wp:attachment":[{"href":"https:\/\/www.club-tennis-point.de\/gtv\/wp-json\/wp\/v2\/media?parent=5567"}],"curies":[{"name":"wp","href":"https:\/\/api.w.org\/{rel}","templated":true}]}}